{"id":404,"date":"2014-10-07T16:33:11","date_gmt":"2014-10-07T13:33:11","guid":{"rendered":"http:\/\/www.sanna-ek.com\/om-mig-2\/"},"modified":"2014-11-25T22:28:31","modified_gmt":"2014-11-25T20:28:31","slug":"about-me","status":"publish","type":"page","link":"https:\/\/www.sanna-ek.com\/en\/about-me\/","title":{"rendered":"About me"},"content":{"rendered":"<div  class='flex_column av-av_one_half-2a9015ff38129c418a3f2eafba3e9512 av_one_half  avia-builder-el-0  el_before_av_one_half  avia-builder-el-first  first flex_column_div  '     ><style type=\"text\/css\" data-created_by=\"avia_inline_auto\" id=\"style-css-av-av_image-bae3adeba50697de2afb418b49585725\">\n.avia-image-container.av-av_image-bae3adeba50697de2afb418b49585725 img.avia_image{\nbox-shadow:none;\n}\n.avia-image-container.av-av_image-bae3adeba50697de2afb418b49585725 .av-image-caption-overlay-center{\ncolor:#ffffff;\n}\n<\/style>\n<div  class='avia-image-container av-av_image-bae3adeba50697de2afb418b49585725 av-styling- avia-align-center  avia-builder-el-1  avia-builder-el-no-sibling '   itemprop=\"image\" itemscope=\"itemscope\" itemtype=\"https:\/\/schema.org\/ImageObject\" ><div class=\"avia-image-container-inner\"><div class=\"avia-image-overlay-wrap\"><img decoding=\"async\" fetchpriority=\"high\" class='wp-image-427 avia-img-lazy-loading-not-427 avia_image ' src=\"https:\/\/www.sanna-ek.com\/wp-content\/uploads\/2014\/10\/10376939_10205189393640151_5726291845583751499_n-1.jpg\" alt='' title='10376939_10205189393640151_5726291845583751499_n (1)'  height=\"914\" width=\"914\"  itemprop=\"thumbnailUrl\" srcset=\"https:\/\/www.sanna-ek.com\/wp-content\/uploads\/2014\/10\/10376939_10205189393640151_5726291845583751499_n-1.jpg 914w, https:\/\/www.sanna-ek.com\/wp-content\/uploads\/2014\/10\/10376939_10205189393640151_5726291845583751499_n-1-150x150.jpg 150w, https:\/\/www.sanna-ek.com\/wp-content\/uploads\/2014\/10\/10376939_10205189393640151_5726291845583751499_n-1-300x300.jpg 300w, https:\/\/www.sanna-ek.com\/wp-content\/uploads\/2014\/10\/10376939_10205189393640151_5726291845583751499_n-1-36x36.jpg 36w, https:\/\/www.sanna-ek.com\/wp-content\/uploads\/2014\/10\/10376939_10205189393640151_5726291845583751499_n-1-180x180.jpg 180w, https:\/\/www.sanna-ek.com\/wp-content\/uploads\/2014\/10\/10376939_10205189393640151_5726291845583751499_n-1-705x705.jpg 705w, https:\/\/www.sanna-ek.com\/wp-content\/uploads\/2014\/10\/10376939_10205189393640151_5726291845583751499_n-1-120x120.jpg 120w, https:\/\/www.sanna-ek.com\/wp-content\/uploads\/2014\/10\/10376939_10205189393640151_5726291845583751499_n-1-450x450.jpg 450w\" sizes=\"(max-width: 914px) 100vw, 914px\" \/><\/div><\/div><\/div><\/div>\n<div  class='flex_column av-av_one_half-b51168870d26eac9084c0e2dc495efe0 av_one_half  avia-builder-el-2  el_after_av_one_half  el_before_av_one_full  flex_column_div  '     ><p>\n<style type=\"text\/css\" data-created_by=\"avia_inline_auto\" id=\"style-css-av-av_heading-91a79072958f4cc4e8d4473cd4b49881\">\n#top .av-special-heading.av-av_heading-91a79072958f4cc4e8d4473cd4b49881{\npadding-bottom:0;\ncolor:#bf4a3f;\n}\nbody .av-special-heading.av-av_heading-91a79072958f4cc4e8d4473cd4b49881 .av-special-heading-tag .heading-char{\nfont-size:25px;\n}\n.av-special-heading.av-av_heading-91a79072958f4cc4e8d4473cd4b49881 .special-heading-inner-border{\nborder-color:#bf4a3f;\n}\n.av-special-heading.av-av_heading-91a79072958f4cc4e8d4473cd4b49881 .av-subheading{\nfont-size:15px;\n}\n<\/style>\n<div  class='av-special-heading av-av_heading-91a79072958f4cc4e8d4473cd4b49881 av-special-heading-h2 custom-color-heading blockquote modern-quote  avia-builder-el-3  el_before_av_hr  avia-builder-el-first '><h2 class='av-special-heading-tag '  itemprop=\"headline\"  >Sanna Ek, born -79 in Ostrobothnia, Finland.<\/h2><div class=\"special-heading-border\"><div class=\"special-heading-inner-border\"><\/div><\/div><\/div><br \/>\n\n<style type=\"text\/css\" data-created_by=\"avia_inline_auto\" id=\"style-css-av-av_hr-e71def60b1267f8d89ca90a22cd949c6\">\n#top .hr.av-av_hr-e71def60b1267f8d89ca90a22cd949c6{\nmargin-top:10px;\nmargin-bottom:30px;\n}\n.hr.av-av_hr-e71def60b1267f8d89ca90a22cd949c6 .hr-inner{\nwidth:100%;\n}\n<\/style>\n<div  class='hr av-av_hr-e71def60b1267f8d89ca90a22cd949c6 hr-custom  avia-builder-el-4  el_after_av_heading  el_before_av_textblock  hr-left hr-icon-no'><span class='hr-inner inner-border-av-border-thin'><span class=\"hr-inner-style\"><\/span><\/span><\/div><br \/>\n<section  class='av_textblock_section av-av_textblock-0366cc7376be6c9e82a3e9cc8987b64f '   itemscope=\"itemscope\" itemtype=\"https:\/\/schema.org\/CreativeWork\" ><div class='avia_textblock'  itemprop=\"text\" ><p>I\u00b4m working with different kinds of art, but at the moment I\u00b4m working mostly with painting in acrylics on different kinds of materials. I like to use things i find, for example old fabrics, in my paintings.<\/p>\n<p>I\u00b4m inspired by many different things, it can be something as simple as a colour, a word or a song. But my greatest source of inspiration is people. I\u00b4m fascinated by the fact that there is a whole world full of people, and we are all different from one another. I\u00b4m inspired by who we are, by our behavior, how we can be so funny, beautiful and sometimes also so annoying.<\/p>\n<p>My wish is to try to highlight the beauty in diversity through my art.<\/p>\n<\/div><\/section><br \/>\n\n<style type=\"text\/css\" data-created_by=\"avia_inline_auto\" id=\"style-css-av-av_hr-0688d0b0b6ed2f8b057db7a8270206df\">\n#top .hr.hr-invisible.av-av_hr-0688d0b0b6ed2f8b057db7a8270206df{\nheight:50px;\n}\n<\/style>\n<div  class='hr av-av_hr-0688d0b0b6ed2f8b057db7a8270206df hr-invisible  avia-builder-el-6  el_after_av_textblock  el_before_av_image '><span class='hr-inner '><span class=\"hr-inner-style\"><\/span><\/span><\/div><br \/>\n\n<style type=\"text\/css\" data-created_by=\"avia_inline_auto\" id=\"style-css-av-av_image-3de5f5282db265241494a2d4506e3f23\">\n.avia-image-container.av-av_image-3de5f5282db265241494a2d4506e3f23 img.avia_image{\nbox-shadow:none;\n}\n.avia-image-container.av-av_image-3de5f5282db265241494a2d4506e3f23 .av-image-caption-overlay-center{\ncolor:#ffffff;\n}\n<\/style>\n<div  class='avia-image-container av-av_image-3de5f5282db265241494a2d4506e3f23 av-styling- avia-align-center  avia-builder-el-7  el_after_av_hr  avia-builder-el-last '   itemprop=\"image\" itemscope=\"itemscope\" itemtype=\"https:\/\/schema.org\/ImageObject\" ><div class=\"avia-image-container-inner\"><div class=\"avia-image-overlay-wrap\"><img decoding=\"async\" fetchpriority=\"high\" class='wp-image-440 avia-img-lazy-loading-not-440 avia_image ' src=\"https:\/\/www.sanna-ek.com\/wp-content\/uploads\/2014\/10\/sanna_gitarr.jpg\" alt='' title='sanna_gitarr'  height=\"393\" width=\"733\"  itemprop=\"thumbnailUrl\" srcset=\"https:\/\/www.sanna-ek.com\/wp-content\/uploads\/2014\/10\/sanna_gitarr.jpg 733w, https:\/\/www.sanna-ek.com\/wp-content\/uploads\/2014\/10\/sanna_gitarr-300x160.jpg 300w, https:\/\/www.sanna-ek.com\/wp-content\/uploads\/2014\/10\/sanna_gitarr-705x377.jpg 705w, https:\/\/www.sanna-ek.com\/wp-content\/uploads\/2014\/10\/sanna_gitarr-450x241.jpg 450w\" sizes=\"(max-width: 733px) 100vw, 733px\" \/><\/div><\/div><\/div><\/p><\/div><div  class='flex_column av-av_one_full-2a9015ff38129c418a3f2eafba3e9512 av_one_full  avia-builder-el-8  el_after_av_one_half  el_before_av_one_half  first flex_column_div  column-top-margin'     ><p>\n<style type=\"text\/css\" data-created_by=\"avia_inline_auto\" id=\"style-css-av-av_heading-94b0f3294d44b3afeb34995aa074b056\">\n#top .av-special-heading.av-av_heading-94b0f3294d44b3afeb34995aa074b056{\npadding-bottom:0;\ncolor:#bf4a3f;\n}\nbody .av-special-heading.av-av_heading-94b0f3294d44b3afeb34995aa074b056 .av-special-heading-tag .heading-char{\nfont-size:25px;\n}\n.av-special-heading.av-av_heading-94b0f3294d44b3afeb34995aa074b056 .special-heading-inner-border{\nborder-color:#bf4a3f;\n}\n.av-special-heading.av-av_heading-94b0f3294d44b3afeb34995aa074b056 .av-subheading{\nfont-size:15px;\n}\n<\/style>\n<div  class='av-special-heading av-av_heading-94b0f3294d44b3afeb34995aa074b056 av-special-heading-h2 custom-color-heading blockquote modern-quote  avia-builder-el-9  el_before_av_hr  avia-builder-el-first '><h2 class='av-special-heading-tag '  itemprop=\"headline\"  >Curriculum vitae<\/h2><div class=\"special-heading-border\"><div class=\"special-heading-inner-border\"><\/div><\/div><\/div><br \/>\n\n<style type=\"text\/css\" data-created_by=\"avia_inline_auto\" id=\"style-css-av-av_hr-bc5595694ee4c8239cf7192e7486c13f\">\n#top .hr.av-av_hr-bc5595694ee4c8239cf7192e7486c13f{\nmargin-top:10px;\nmargin-bottom:0px;\n}\n.hr.av-av_hr-bc5595694ee4c8239cf7192e7486c13f .hr-inner{\nwidth:100%;\n}\n<\/style>\n<div  class='hr av-av_hr-bc5595694ee4c8239cf7192e7486c13f hr-custom  avia-builder-el-10  el_after_av_heading  avia-builder-el-last  hr-left hr-icon-no'><span class='hr-inner inner-border-av-border-thin'><span class=\"hr-inner-style\"><\/span><\/span><\/div><\/p><\/div><\/p>\n<div  class='flex_column av-av_one_half-2a9015ff38129c418a3f2eafba3e9512 av_one_half  avia-builder-el-11  el_after_av_one_full  el_before_av_one_half  first flex_column_div  column-top-margin'     ><section  class='av_textblock_section av-av_textblock-0366cc7376be6c9e82a3e9cc8987b64f '   itemscope=\"itemscope\" itemtype=\"https:\/\/schema.org\/CreativeWork\" ><div class='avia_textblock'  itemprop=\"text\" ><h3>EDUCATION<\/h3>\n<p>Bildkonstn\u00e4r, Svenska Yrkes H\u00f6gskolan sektorn f\u00f6r kultur. (Novia)\u00a0\u00a0 \u00a01997 &#8211; 2003<br \/>\nKonstlinjen, Svenska \u00d6sterbottens Folkakademi\u00a0\u00a0 \u00a0Jan 1995 &#8211; Juni1997<br \/>\nKurs I uttryckande konstterapi , Stockholm\u00a0\u00a0 \u00a02012<\/p>\n<h3>EXHIBITIONS<\/h3>\n<p>Izba Club, Novi Sad, Serbien &#8211; 2014<br \/>\nKulturskafferiet Ritz, Vasa &#8211; 2013<br \/>\nGalleri Lili, Stockholm &#8211; 2013<br \/>\nIzba Club, Novi Sad, Serbien &#8211; 2013<br \/>\nLiding\u00f6 Hotell och Konferenscentrum &#8211; 2012<br \/>\nKulturskafferiet Ritz, Vasa &#8211; 2011<br \/>\nN\u00e4rpes Stadsbibliotek &#8211; 2011<br \/>\nSamutst\u00e4llning Galleri Hagstr\u00f6m, Stockholm &#8211; 2010<br \/>\nSamutst\u00e4llning Galleri Bellange, Stockholm &#8211; 2008<br \/>\nN\u00e4rpes stadsbibliotek &#8211; 2005<br \/>\nSamutst\u00e4llning, Nelimarkkamuseet, Alaj\u00e4rvi &#8211; 2000<\/p>\n<\/div><\/section><\/div><div  class='flex_column av-av_one_half-b51168870d26eac9084c0e2dc495efe0 av_one_half  avia-builder-el-13  el_after_av_one_half  avia-builder-el-last  flex_column_div  column-top-margin'     ><section  class='av_textblock_section av-av_textblock-0366cc7376be6c9e82a3e9cc8987b64f '   itemscope=\"itemscope\" itemtype=\"https:\/\/schema.org\/CreativeWork\" ><div class='avia_textblock'  itemprop=\"text\" ><h3>OTHER QUALIFICATIONS<\/h3>\n<p>\u00c5rets N\u00e4rpeskonstn\u00e4r &#8211; 2014<br \/>\nTiml\u00e4rare i konst vid Vuxeninstitutet i N\u00e4rpes<br \/>\nKreativ ledare Kreamix, konstprojekt f\u00f6r ungdomar, N\u00e4rpes stad\u00a0 Februari 2013 \u2013 juli 2013 (Projektet vann priset f\u00f6r \u00e5rets initiativ p\u00e5 Kreagalan &#8211; 2013)<br \/>\nEn av Initiativtagarna till och ledare f\u00f6r Kreativ verkstad, f\u00f6r barn till missbrukare, 2010 \u2013 2012 (i samarbete med St:a Clara kyrka, Stockholm)<br \/>\nTiml\u00e4rare Konsthistoria och kreativt skapande &#8211; 2011-2013<br \/>\nHagabergs folkh\u00f6gskola i samarbete med St:a Clara kyrka, Stockholm<br \/>\nDeltog i Projektet konst och v\u00e4lm\u00e5ende, Novia &#8211; 2011<br \/>\nBest\u00e4llning av m\u00e5lning till KIURU<br \/>\nAndre\u00b4s m\u00e5leri, Dekorationsm\u00e5lare, Stockholm &#8211; 2009-2012<br \/>\nStudiecirkelledare akrylm\u00e5lning, caf\u00e9 Aktivitetshus Gr\u00e4nden, Uppsala &#8211; 2007- 2009<\/p>\n<\/div><\/section><\/div><\/p>\n","protected":false},"excerpt":{"rendered":"","protected":false},"author":1,"featured_media":0,"parent":0,"menu_order":0,"comment_status":"closed","ping_status":"closed","template":"","meta":{"footnotes":""},"class_list":["post-404","page","type-page","status-publish","hentry"],"yoast_head":"<!-- This site is optimized with the Yoast SEO plugin v23.5 - https:\/\/yoast.com\/wordpress\/plugins\/seo\/ -->\n<title>About me - Sanna Ek - Art<\/title>\n<meta name=\"robots\" content=\"index, follow, max-snippet:-1, max-image-preview:large, max-video-preview:-1\" \/>\n<link rel=\"canonical\" href=\"http:\/\/www.sanna-ek.com\/en\/about-me\/\" \/>\n<meta property=\"og:locale\" content=\"en_US\" \/>\n<meta property=\"og:type\" content=\"article\" \/>\n<meta property=\"og:title\" content=\"About me - Sanna Ek - Art\" \/>\n<meta property=\"og:url\" content=\"http:\/\/www.sanna-ek.com\/en\/about-me\/\" \/>\n<meta property=\"og:site_name\" content=\"Sanna Ek - Art\" \/>\n<meta property=\"article:modified_time\" content=\"2014-11-25T20:28:31+00:00\" \/>\n<meta name=\"twitter:label1\" content=\"Est. reading time\" \/>\n\t<meta name=\"twitter:data1\" content=\"3 minutes\" \/>\n<script type=\"application\/ld+json\" class=\"yoast-schema-graph\">{\"@context\":\"https:\/\/schema.org\",\"@graph\":[{\"@type\":\"WebPage\",\"@id\":\"http:\/\/www.sanna-ek.com\/en\/about-me\/\",\"url\":\"http:\/\/www.sanna-ek.com\/en\/about-me\/\",\"name\":\"About me - Sanna Ek - Art\",\"isPartOf\":{\"@id\":\"https:\/\/www.sanna-ek.com\/#website\"},\"datePublished\":\"2014-10-07T13:33:11+00:00\",\"dateModified\":\"2014-11-25T20:28:31+00:00\",\"breadcrumb\":{\"@id\":\"http:\/\/www.sanna-ek.com\/en\/about-me\/#breadcrumb\"},\"inLanguage\":\"en-US\",\"potentialAction\":[{\"@type\":\"ReadAction\",\"target\":[\"http:\/\/www.sanna-ek.com\/en\/about-me\/\"]}]},{\"@type\":\"BreadcrumbList\",\"@id\":\"http:\/\/www.sanna-ek.com\/en\/about-me\/#breadcrumb\",\"itemListElement\":[{\"@type\":\"ListItem\",\"position\":1,\"name\":\"Home\",\"item\":\"https:\/\/www.sanna-ek.com\/en\/\"},{\"@type\":\"ListItem\",\"position\":2,\"name\":\"About me\"}]},{\"@type\":\"WebSite\",\"@id\":\"https:\/\/www.sanna-ek.com\/#website\",\"url\":\"https:\/\/www.sanna-ek.com\/\",\"name\":\"Sanna Ek - Art\",\"description\":\"Konstn\u00e4r, \u00d6sterbotten, Finland.\",\"publisher\":{\"@id\":\"https:\/\/www.sanna-ek.com\/#organization\"},\"potentialAction\":[{\"@type\":\"SearchAction\",\"target\":{\"@type\":\"EntryPoint\",\"urlTemplate\":\"https:\/\/www.sanna-ek.com\/?s={search_term_string}\"},\"query-input\":{\"@type\":\"PropertyValueSpecification\",\"valueRequired\":true,\"valueName\":\"search_term_string\"}}],\"inLanguage\":\"en-US\"},{\"@type\":\"Organization\",\"@id\":\"https:\/\/www.sanna-ek.com\/#organization\",\"name\":\"Sanna Ek - Art\",\"url\":\"https:\/\/www.sanna-ek.com\/\",\"logo\":{\"@type\":\"ImageObject\",\"inLanguage\":\"en-US\",\"@id\":\"https:\/\/www.sanna-ek.com\/#\/schema\/logo\/image\/\",\"url\":\"\",\"contentUrl\":\"\",\"caption\":\"Sanna Ek - Art\"},\"image\":{\"@id\":\"https:\/\/www.sanna-ek.com\/#\/schema\/logo\/image\/\"}}]}<\/script>\n<!-- \/ Yoast SEO plugin. -->","yoast_head_json":{"title":"About me - Sanna Ek - Art","robots":{"index":"index","follow":"follow","max-snippet":"max-snippet:-1","max-image-preview":"max-image-preview:large","max-video-preview":"max-video-preview:-1"},"canonical":"http:\/\/www.sanna-ek.com\/en\/about-me\/","og_locale":"en_US","og_type":"article","og_title":"About me - Sanna Ek - Art","og_url":"http:\/\/www.sanna-ek.com\/en\/about-me\/","og_site_name":"Sanna Ek - Art","article_modified_time":"2014-11-25T20:28:31+00:00","twitter_misc":{"Est. reading time":"3 minutes"},"schema":{"@context":"https:\/\/schema.org","@graph":[{"@type":"WebPage","@id":"http:\/\/www.sanna-ek.com\/en\/about-me\/","url":"http:\/\/www.sanna-ek.com\/en\/about-me\/","name":"About me - Sanna Ek - Art","isPartOf":{"@id":"https:\/\/www.sanna-ek.com\/#website"},"datePublished":"2014-10-07T13:33:11+00:00","dateModified":"2014-11-25T20:28:31+00:00","breadcrumb":{"@id":"http:\/\/www.sanna-ek.com\/en\/about-me\/#breadcrumb"},"inLanguage":"en-US","potentialAction":[{"@type":"ReadAction","target":["http:\/\/www.sanna-ek.com\/en\/about-me\/"]}]},{"@type":"BreadcrumbList","@id":"http:\/\/www.sanna-ek.com\/en\/about-me\/#breadcrumb","itemListElement":[{"@type":"ListItem","position":1,"name":"Home","item":"https:\/\/www.sanna-ek.com\/en\/"},{"@type":"ListItem","position":2,"name":"About me"}]},{"@type":"WebSite","@id":"https:\/\/www.sanna-ek.com\/#website","url":"https:\/\/www.sanna-ek.com\/","name":"Sanna Ek - Art","description":"Konstn\u00e4r, \u00d6sterbotten, Finland.","publisher":{"@id":"https:\/\/www.sanna-ek.com\/#organization"},"potentialAction":[{"@type":"SearchAction","target":{"@type":"EntryPoint","urlTemplate":"https:\/\/www.sanna-ek.com\/?s={search_term_string}"},"query-input":{"@type":"PropertyValueSpecification","valueRequired":true,"valueName":"search_term_string"}}],"inLanguage":"en-US"},{"@type":"Organization","@id":"https:\/\/www.sanna-ek.com\/#organization","name":"Sanna Ek - Art","url":"https:\/\/www.sanna-ek.com\/","logo":{"@type":"ImageObject","inLanguage":"en-US","@id":"https:\/\/www.sanna-ek.com\/#\/schema\/logo\/image\/","url":"","contentUrl":"","caption":"Sanna Ek - Art"},"image":{"@id":"https:\/\/www.sanna-ek.com\/#\/schema\/logo\/image\/"}}]}},"_links":{"self":[{"href":"https:\/\/www.sanna-ek.com\/en\/wp-json\/wp\/v2\/pages\/404"}],"collection":[{"href":"https:\/\/www.sanna-ek.com\/en\/wp-json\/wp\/v2\/pages"}],"about":[{"href":"https:\/\/www.sanna-ek.com\/en\/wp-json\/wp\/v2\/types\/page"}],"author":[{"embeddable":true,"href":"https:\/\/www.sanna-ek.com\/en\/wp-json\/wp\/v2\/users\/1"}],"replies":[{"embeddable":true,"href":"https:\/\/www.sanna-ek.com\/en\/wp-json\/wp\/v2\/comments?post=404"}],"version-history":[{"count":3,"href":"https:\/\/www.sanna-ek.com\/en\/wp-json\/wp\/v2\/pages\/404\/revisions"}],"predecessor-version":[{"id":408,"href":"https:\/\/www.sanna-ek.com\/en\/wp-json\/wp\/v2\/pages\/404\/revisions\/408"}],"wp:attachment":[{"href":"https:\/\/www.sanna-ek.com\/en\/wp-json\/wp\/v2\/media?parent=404"}],"curies":[{"name":"wp","href":"https:\/\/api.w.org\/{rel}","templated":true}]}}